{"id":960,"date":"2016-06-13T14:30:43","date_gmt":"2016-06-13T12:30:43","guid":{"rendered":"http:\/\/www.als-arnsberg.de\/en\/?page_id=960"},"modified":"2016-08-03T11:10:31","modified_gmt":"2016-08-03T09:10:31","slug":"air-sea-freight","status":"publish","type":"page","link":"https:\/\/www.als-arnsberg.de\/en\/air-sea-freight\/","title":{"rendered":"AIR AND SEA FREIGHT WORLDWIDE"},"content":{"rendered":"<div id=\"pl-960\"  class=\"panel-layout\" ><div id=\"pg-960-0\"  class=\"panel-grid panel-no-style\" ><div id=\"pgc-960-0-0\"  class=\"panel-grid-cell\" ><div id=\"panel-960-0-0-0\" class=\"so-panel widget panel-first-child panel-last-child\" data-index=\"0\" ><div class=\"left-sub-nav panel-widget-style panel-widget-style-for-960-0-0-0\" ><\/div><\/div><\/div><div id=\"pgc-960-0-1\"  class=\"panel-grid-cell\" ><div id=\"panel-960-0-1-0\" class=\"so-panel widget widget_black-studio-tinymce widget_black_studio_tinymce panel-first-child panel-last-child\" data-index=\"1\" ><h2>AIR AND SEA FREIGHT WORLDWIDE<\/h2><div class=\"textwidget\"><p><img loading=\"lazy\" decoding=\"async\" class=\"size-medium wp-image-118 alignleft\" src=\"https:\/\/www.als-arnsberg.de\/wp-content\/uploads\/Fotolia_6074512_S-1-300x158.jpg\" alt=\"Hafen, Containerschiff, Export\" width=\"300\" height=\"158\" srcset=\"https:\/\/www.als-arnsberg.de\/wp-content\/uploads\/Fotolia_6074512_S-1-300x158.jpg 300w, https:\/\/www.als-arnsberg.de\/wp-content\/uploads\/Fotolia_6074512_S-1.jpg 954w\" sizes=\"auto, (max-width: 300px) 85vw, 300px\" \/>Ob Direktfl\u00fcge oder Sammelverkehre weltweit, ein- und ausgehend, wir werden den Transport optimal auf Ihre Bed\u00fcrfnisse ausrichten. F\u00fcr Sie nehmen wir Verschiffungen in alle H\u00e4fen der Welt vor. Selbstverst\u00e4ndlich organisieren wir auch Ihre weltweiten Importlieferungen. Ob LCL\/FCL oder die konventionelle Verladung von Gro\u00df- und Schwerkolli, f\u00fcr Sie finden wir die passende Transportl\u00f6sung.<\/p>\n<p>Whether direct flights or global groupage, incoming and outgoing, we align the shipping perfectly to your needs. We undertake shipments in all ports around the world for you. We handle your export documentation and compile your shipping documents completely. And of course we can also organise your global import deliveries. Whether LCL\/FCL or conventional loading of large and heavy containers, we find the most suitable transportation solution for you. If you have any questions about carriage such as L\/C handling, document acquisition, customs clearance, etc. our qualified forwarding team is glad to help.<\/p>\n<p>\"We bring your goods directly to the recipient, also overseas.\" Stefan Rittberg<\/p>\n<h2>YOUR ALS-CONTACT:<\/h2>\n<p><figure id=\"attachment_85\" aria-describedby=\"caption-attachment-85\" style=\"width: 230px\" class=\"wp-caption alignnone\"><img loading=\"lazy\" decoding=\"async\" class=\"size-medium wp-image-85\" src=\"https:\/\/www.als-arnsberg.de\/wp-content\/uploads\/ALS_Rittberg-230x300.jpg\" alt=\"Stefan Rittberg Disposition Telefon 02932 9306-17 s.rittberg@als-arnsberg.de\" width=\"230\" height=\"300\" srcset=\"https:\/\/www.als-arnsberg.de\/wp-content\/uploads\/ALS_Rittberg-230x300.jpg 230w, https:\/\/www.als-arnsberg.de\/wp-content\/uploads\/ALS_Rittberg-785x1024.jpg 785w, https:\/\/www.als-arnsberg.de\/wp-content\/uploads\/ALS_Rittberg-1200x1565.jpg 1200w\" sizes=\"auto, (max-width: 230px) 85vw, 230px\" \/><figcaption id=\"caption-attachment-85\" class=\"wp-caption-text\"><\/p>\n<h3>Stefan Rittberg<\/h3>\n<p>Disposition<br \/>Telephone 0049 02932 9306-17<br \/><a href=\"mailto:s.rittberg@als-arnsberg.de\">s.rittberg@als-arnsberg.de<\/a><\/p>\n<p><\/figcaption><\/figure><\/p>\n<\/div><\/div><\/div><\/div><\/div>","protected":false},"excerpt":{"rendered":"<p>Ob Direktfl\u00fcge oder Sammelverkehre weltweit, ein- und ausgehend, wir werden den Transport optimal auf Ihre &hellip; <a href=\"https:\/\/www.als-arnsberg.de\/en\/air-sea-freight\/\" class=\"more-link\">Continue reading<span class=\"screen-reader-text\"> &#8220;AIR AND SEA FREIGHT WORLDWIDE&#8221;<\/span><\/a><\/p>\n","protected":false},"author":3,"featured_media":0,"parent":0,"menu_order":0,"comment_status":"closed","ping_status":"closed","template":"unterseite.php","meta":{"_acf_changed":false,"footnotes":""},"class_list":["post-960","page","type-page","status-publish","hentry"],"acf":[],"yoast_head":"<!-- This site is optimized with the Yoast SEO plugin v20.12 - https:\/\/yoast.com\/wordpress\/plugins\/seo\/ -->\n<title>AIR AND SEA FREIGHT WORLDWIDE - ALS Arnsberg<\/title>\n<meta name=\"robots\" content=\"index, follow, max-snippet:-1, max-image-preview:large, max-video-preview:-1\" \/>\n<link rel=\"canonical\" href=\"https:\/\/www.als-arnsberg.de\/en\/air-sea-freight\/\" \/>\n<meta property=\"og:locale\" content=\"en_US\" \/>\n<meta property=\"og:type\" content=\"article\" \/>\n<meta property=\"og:title\" content=\"AIR AND SEA FREIGHT WORLDWIDE - ALS Arnsberg\" \/>\n<meta property=\"og:description\" content=\"Ob Direktfl\u00fcge oder Sammelverkehre weltweit, ein- und ausgehend, wir werden den Transport optimal auf Ihre &hellip; Continue reading &quot;AIR AND SEA FREIGHT WORLDWIDE&quot;\" \/>\n<meta property=\"og:url\" content=\"https:\/\/www.als-arnsberg.de\/en\/air-sea-freight\/\" \/>\n<meta property=\"og:site_name\" content=\"ALS Arnsberg\" \/>\n<meta property=\"article:modified_time\" content=\"2016-08-03T09:10:31+00:00\" \/>\n<meta property=\"og:image\" content=\"https:\/\/www.als-arnsberg.de\/wp-content\/uploads\/Fotolia_6074512_S-1-300x158.jpg\" \/>\n<meta name=\"twitter:card\" content=\"summary_large_image\" \/>\n<meta name=\"twitter:label1\" content=\"Est. reading time\" \/>\n\t<meta name=\"twitter:data1\" content=\"1 minute\" \/>\n<script type=\"application\/ld+json\" class=\"yoast-schema-graph\">{\"@context\":\"https:\/\/schema.org\",\"@graph\":[{\"@type\":\"WebPage\",\"@id\":\"https:\/\/www.als-arnsberg.de\/en\/air-sea-freight\/\",\"url\":\"https:\/\/www.als-arnsberg.de\/en\/air-sea-freight\/\",\"name\":\"AIR AND SEA FREIGHT WORLDWIDE - ALS Arnsberg\",\"isPartOf\":{\"@id\":\"https:\/\/www.als-arnsberg.de\/#website\"},\"datePublished\":\"2016-06-13T12:30:43+00:00\",\"dateModified\":\"2016-08-03T09:10:31+00:00\",\"breadcrumb\":{\"@id\":\"https:\/\/www.als-arnsberg.de\/en\/air-sea-freight\/#breadcrumb\"},\"inLanguage\":\"en-US\",\"potentialAction\":[{\"@type\":\"ReadAction\",\"target\":[\"https:\/\/www.als-arnsberg.de\/en\/air-sea-freight\/\"]}]},{\"@type\":\"BreadcrumbList\",\"@id\":\"https:\/\/www.als-arnsberg.de\/en\/air-sea-freight\/#breadcrumb\",\"itemListElement\":[{\"@type\":\"ListItem\",\"position\":1,\"name\":\"Startseite\",\"item\":\"https:\/\/www.als-arnsberg.de\/\"},{\"@type\":\"ListItem\",\"position\":2,\"name\":\"AIR AND SEA FREIGHT WORLDWIDE\"}]},{\"@type\":\"WebSite\",\"@id\":\"https:\/\/www.als-arnsberg.de\/#website\",\"url\":\"https:\/\/www.als-arnsberg.de\/\",\"name\":\"ALS Arnsberg\",\"description\":false,\"potentialAction\":[{\"@type\":\"SearchAction\",\"target\":{\"@type\":\"EntryPoint\",\"urlTemplate\":\"https:\/\/www.als-arnsberg.de\/?s={search_term_string}\"},\"query-input\":\"required name=search_term_string\"}],\"inLanguage\":\"en-US\"}]}<\/script>\n<!-- \/ Yoast SEO plugin. -->","yoast_head_json":{"title":"AIR AND SEA FREIGHT WORLDWIDE - ALS Arnsberg","robots":{"index":"index","follow":"follow","max-snippet":"max-snippet:-1","max-image-preview":"max-image-preview:large","max-video-preview":"max-video-preview:-1"},"canonical":"https:\/\/www.als-arnsberg.de\/en\/air-sea-freight\/","og_locale":"en_US","og_type":"article","og_title":"AIR AND SEA FREIGHT WORLDWIDE - ALS Arnsberg","og_description":"Ob Direktfl\u00fcge oder Sammelverkehre weltweit, ein- und ausgehend, wir werden den Transport optimal auf Ihre &hellip; Continue reading \"AIR AND SEA FREIGHT WORLDWIDE\"","og_url":"https:\/\/www.als-arnsberg.de\/en\/air-sea-freight\/","og_site_name":"ALS Arnsberg","article_modified_time":"2016-08-03T09:10:31+00:00","og_image":[{"url":"https:\/\/www.als-arnsberg.de\/wp-content\/uploads\/Fotolia_6074512_S-1-300x158.jpg"}],"twitter_card":"summary_large_image","twitter_misc":{"Est. reading time":"1 minute"},"schema":{"@context":"https:\/\/schema.org","@graph":[{"@type":"WebPage","@id":"https:\/\/www.als-arnsberg.de\/en\/air-sea-freight\/","url":"https:\/\/www.als-arnsberg.de\/en\/air-sea-freight\/","name":"AIR AND SEA FREIGHT WORLDWIDE - ALS Arnsberg","isPartOf":{"@id":"https:\/\/www.als-arnsberg.de\/#website"},"datePublished":"2016-06-13T12:30:43+00:00","dateModified":"2016-08-03T09:10:31+00:00","breadcrumb":{"@id":"https:\/\/www.als-arnsberg.de\/en\/air-sea-freight\/#breadcrumb"},"inLanguage":"en-US","potentialAction":[{"@type":"ReadAction","target":["https:\/\/www.als-arnsberg.de\/en\/air-sea-freight\/"]}]},{"@type":"BreadcrumbList","@id":"https:\/\/www.als-arnsberg.de\/en\/air-sea-freight\/#breadcrumb","itemListElement":[{"@type":"ListItem","position":1,"name":"Startseite","item":"https:\/\/www.als-arnsberg.de\/"},{"@type":"ListItem","position":2,"name":"AIR AND SEA FREIGHT WORLDWIDE"}]},{"@type":"WebSite","@id":"https:\/\/www.als-arnsberg.de\/#website","url":"https:\/\/www.als-arnsberg.de\/","name":"ALS Arnsberg","description":false,"potentialAction":[{"@type":"SearchAction","target":{"@type":"EntryPoint","urlTemplate":"https:\/\/www.als-arnsberg.de\/?s={search_term_string}"},"query-input":"required name=search_term_string"}],"inLanguage":"en-US"}]}},"_links":{"self":[{"href":"https:\/\/www.als-arnsberg.de\/en\/wp-json\/wp\/v2\/pages\/960","targetHints":{"allow":["GET"]}}],"collection":[{"href":"https:\/\/www.als-arnsberg.de\/en\/wp-json\/wp\/v2\/pages"}],"about":[{"href":"https:\/\/www.als-arnsberg.de\/en\/wp-json\/wp\/v2\/types\/page"}],"author":[{"embeddable":true,"href":"https:\/\/www.als-arnsberg.de\/en\/wp-json\/wp\/v2\/users\/3"}],"replies":[{"embeddable":true,"href":"https:\/\/www.als-arnsberg.de\/en\/wp-json\/wp\/v2\/comments?post=960"}],"version-history":[{"count":6,"href":"https:\/\/www.als-arnsberg.de\/en\/wp-json\/wp\/v2\/pages\/960\/revisions"}],"predecessor-version":[{"id":1519,"href":"https:\/\/www.als-arnsberg.de\/en\/wp-json\/wp\/v2\/pages\/960\/revisions\/1519"}],"wp:attachment":[{"href":"https:\/\/www.als-arnsberg.de\/en\/wp-json\/wp\/v2\/media?parent=960"}],"curies":[{"name":"wp","href":"https:\/\/api.w.org\/{rel}","templated":true}]}}